{"id":504,"date":"2026-04-07T20:26:05","date_gmt":"2026-04-07T18:26:05","guid":{"rendered":"https:\/\/www.lesenfantsterribles-menton.com\/?page_id=504"},"modified":"2026-04-07T20:26:05","modified_gmt":"2026-04-07T18:26:05","slug":"contact","status":"publish","type":"page","link":"https:\/\/www.lesenfantsterribles-menton.com\/en\/contact\/","title":{"rendered":"Contact"},"content":{"rendered":"\t\t<div data-elementor-type=\"wp-post\" data-elementor-id=\"504\" class=\"elementor elementor-504\" data-elementor-post-type=\"page\">\n\t\t\t\t<div class=\"elementor-element elementor-element-9e8a329 e-con-full e-flex e-con e-parent\" data-id=\"9e8a329\" data-element_type=\"container\" data-e-type=\"container\" data-settings=\"{&quot;background_background&quot;:&quot;classic&quot;}\">\n\t\t<div class=\"elementor-element elementor-element-a307bc4 e-con-full e-flex e-con e-child\" data-id=\"a307bc4\" data-element_type=\"container\" data-e-type=\"container\" data-settings=\"{&quot;background_background&quot;:&quot;classic&quot;,&quot;background_motion_fx_motion_fx_scrolling&quot;:&quot;yes&quot;,&quot;background_motion_fx_translateX_effect&quot;:&quot;yes&quot;,&quot;background_motion_fx_translateX_speed&quot;:{&quot;unit&quot;:&quot;px&quot;,&quot;size&quot;:4,&quot;sizes&quot;:[]},&quot;background_motion_fx_translateX_affectedRange&quot;:{&quot;unit&quot;:&quot;%&quot;,&quot;size&quot;:&quot;&quot;,&quot;sizes&quot;:{&quot;start&quot;:0,&quot;end&quot;:100}},&quot;background_motion_fx_devices&quot;:[&quot;desktop&quot;,&quot;tablet&quot;,&quot;mobile&quot;]}\">\n\t\t\t\t<\/div>\n\t\t<div class=\"elementor-element elementor-element-e20603d e-con-full e-flex e-con e-child\" data-id=\"e20603d\" data-element_type=\"container\" data-e-type=\"container\" data-settings=\"{&quot;background_background&quot;:&quot;classic&quot;}\">\n\t\t<div class=\"elementor-element elementor-element-c5b65dc e-con-full e-flex elementor-invisible e-con e-child\" data-id=\"c5b65dc\" data-element_type=\"container\" data-e-type=\"container\" data-settings=\"{&quot;animation&quot;:&quot;slideInUp&quot;}\">\n\t\t\t\t<div class=\"elementor-element elementor-element-124fbe6 elementor-widget elementor-widget-spacer\" data-id=\"124fbe6\" data-element_type=\"widget\" data-e-type=\"widget\" data-widget_type=\"spacer.default\">\n\t\t\t\t<div class=\"elementor-widget-container\">\n\t\t\t\t\t\t\t<div class=\"elementor-spacer\">\n\t\t\t<div class=\"elementor-spacer-inner\"><\/div>\n\t\t<\/div>\n\t\t\t\t\t\t<\/div>\n\t\t\t\t<\/div>\n\t\t<div class=\"elementor-element elementor-element-30c15c2 e-flex e-con-boxed e-con e-child\" data-id=\"30c15c2\" data-element_type=\"container\" data-e-type=\"container\">\n\t\t\t\t\t<div class=\"e-con-inner\">\n\t\t\t\t<div class=\"elementor-element elementor-element-5109bd4 elementor-widget elementor-widget-heading\" data-id=\"5109bd4\" data-element_type=\"widget\" data-e-type=\"widget\" data-widget_type=\"heading.default\">\n\t\t\t\t<div class=\"elementor-widget-container\">\n\t\t\t\t\t<h1 class=\"elementor-heading-title elementor-size-default\">Contactez-nous<\/h1>\t\t\t\t<\/div>\n\t\t\t\t<\/div>\n\t\t\t\t<div class=\"elementor-element elementor-element-1f18f08 elementor-widget elementor-widget-text-editor\" data-id=\"1f18f08\" data-element_type=\"widget\" data-e-type=\"widget\" data-widget_type=\"text-editor.default\">\n\t\t\t\t<div class=\"elementor-widget-container\">\n\t\t\t\t\t\t\t\t\t<p>R\u00e9server votre table<\/p>\t\t\t\t\t\t\t\t<\/div>\n\t\t\t\t<\/div>\n\t\t\t\t\t<\/div>\n\t\t\t\t<\/div>\n\t\t\t\t<div class=\"elementor-element elementor-element-7f7b631 elementor-widget elementor-widget-text-editor\" data-id=\"7f7b631\" data-element_type=\"widget\" data-e-type=\"widget\" data-widget_type=\"text-editor.default\">\n\t\t\t\t<div class=\"elementor-widget-container\">\n\t\t\t\t\t\t\t\t\t<p><strong><span style=\"color: #c7b580;\">INFORMATIONS &amp; HORAIRES<\/span><\/strong><\/p><p><strong><span style=\"color: #c7b580;\">Ouvert du Mercredi au Dimanche. Ferm\u00e9 le Lundi &amp; Mardi<\/span><\/strong><\/p><p>1 quai Bonaparte,<br \/>Place du Cap<br \/>06500 MENTON<\/p><p>Ouvert toute l&rsquo;ann\u00e9e<br \/>De 11h \u00e0 22h45<br \/>Service non-stop<\/p><p><a href=\"tel:+33493358067\">04 93 35 80 67<\/a><\/p>\t\t\t\t\t\t\t\t<\/div>\n\t\t\t\t<\/div>\n\t\t\t\t<div class=\"elementor-element elementor-element-6698ce6 e-grid-align-left e-grid-align-mobile-center e-grid-align-tablet-center elementor-shape-rounded elementor-grid-0 elementor-widget elementor-widget-social-icons\" data-id=\"6698ce6\" data-element_type=\"widget\" data-e-type=\"widget\" data-widget_type=\"social-icons.default\">\n\t\t\t\t<div class=\"elementor-widget-container\">\n\t\t\t\t\t\t\t<div class=\"elementor-social-icons-wrapper elementor-grid\" role=\"list\">\n\t\t\t\t\t\t\t<span class=\"elementor-grid-item\" role=\"listitem\">\n\t\t\t\t\t<a class=\"elementor-icon elementor-social-icon elementor-social-icon-facebook-f elementor-animation-grow elementor-repeater-item-993ef04\" target=\"_blank\">\n\t\t\t\t\t\t<span class=\"elementor-screen-only\">Facebook-f<\/span>\n\t\t\t\t\t\t<i aria-hidden=\"true\" class=\"fab fa-facebook-f\"><\/i>\t\t\t\t\t<\/a>\n\t\t\t\t<\/span>\n\t\t\t\t\t\t\t<span class=\"elementor-grid-item\" role=\"listitem\">\n\t\t\t\t\t<a class=\"elementor-icon elementor-social-icon elementor-social-icon-instagram elementor-animation-grow elementor-repeater-item-a229ff5\" target=\"_blank\">\n\t\t\t\t\t\t<span class=\"elementor-screen-only\">Instagram<\/span>\n\t\t\t\t\t\t<i aria-hidden=\"true\" class=\"fab fa-instagram\"><\/i>\t\t\t\t\t<\/a>\n\t\t\t\t<\/span>\n\t\t\t\t\t\t\t<span class=\"elementor-grid-item\" role=\"listitem\">\n\t\t\t\t\t<a class=\"elementor-icon elementor-social-icon elementor-social-icon-tripadvisor elementor-animation-grow elementor-repeater-item-a1c64d4\" target=\"_blank\">\n\t\t\t\t\t\t<span class=\"elementor-screen-only\">Tripadvisor<\/span>\n\t\t\t\t\t\t<i aria-hidden=\"true\" class=\"fab fa-tripadvisor\"><\/i>\t\t\t\t\t<\/a>\n\t\t\t\t<\/span>\n\t\t\t\t\t<\/div>\n\t\t\t\t\t\t<\/div>\n\t\t\t\t<\/div>\n\t\t\t\t<\/div>\n\t\t<div class=\"elementor-element elementor-element-31da85d e-con-full e-flex elementor-invisible e-con e-child\" data-id=\"31da85d\" data-element_type=\"container\" data-e-type=\"container\" data-settings=\"{&quot;animation&quot;:&quot;slideInUp&quot;}\">\n\t\t\t\t<div class=\"elementor-element elementor-element-3c0db57 elementor-widget elementor-widget-spacer\" data-id=\"3c0db57\" data-element_type=\"widget\" data-e-type=\"widget\" data-widget_type=\"spacer.default\">\n\t\t\t\t<div class=\"elementor-widget-container\">\n\t\t\t\t\t\t\t<div class=\"elementor-spacer\">\n\t\t\t<div class=\"elementor-spacer-inner\"><\/div>\n\t\t<\/div>\n\t\t\t\t\t\t<\/div>\n\t\t\t\t<\/div>\n\t\t<div class=\"elementor-element elementor-element-d072283 e-con-full e-flex elementor-invisible e-con e-child\" data-id=\"d072283\" data-element_type=\"container\" data-e-type=\"container\" data-settings=\"{&quot;background_background&quot;:&quot;classic&quot;,&quot;animation&quot;:&quot;slideInUp&quot;}\">\n\t\t\t\t<div class=\"elementor-element elementor-element-0f3b623 elementor-widget elementor-widget-text-editor\" data-id=\"0f3b623\" data-element_type=\"widget\" data-e-type=\"widget\" data-widget_type=\"text-editor.default\">\n\t\t\t\t<div class=\"elementor-widget-container\">\n\t\t\t\t\t\t\t\t\t<p>Votre r\u00e9servation<\/p>\t\t\t\t\t\t\t\t<\/div>\n\t\t\t\t<\/div>\n\t\t\t\t<div class=\"elementor-element elementor-element-d8539c6 elementor-widget elementor-widget-text-editor\" data-id=\"d8539c6\" data-element_type=\"widget\" data-e-type=\"widget\" data-widget_type=\"text-editor.default\">\n\t\t\t\t<div class=\"elementor-widget-container\">\n\t\t\t\t\t\t\t\t\t<p>Suite \u00e0 l&rsquo;envoi du formulaire, nous traiterons votre demande et vous enverrons un mail de confirmation dans les meilleurs d\u00e9lais. <strong>Attention l&rsquo;envoi du formulaire de vaut pas acception !<\/strong><\/p>\t\t\t\t\t\t\t\t<\/div>\n\t\t\t\t<\/div>\n\t\t\t\t<div class=\"elementor-element elementor-element-6866459 elementor-widget elementor-widget-shortcode\" data-id=\"6866459\" data-element_type=\"widget\" data-e-type=\"widget\" data-widget_type=\"shortcode.default\">\n\t\t\t\t<div class=\"elementor-widget-container\">\n\t\t\t\t\t\t\t<div class=\"elementor-shortcode\"><div class=\"forminator-ui forminator-custom-form forminator-custom-form-264 forminator-design--material forminator-enclosed forminator_ajax\" data-forminator-render=\"0\" data-form=\"forminator-module-264\" data-uid=\"69f1fec21ea27\"><br\/><\/div><form\n\t\t\t\tid=\"forminator-module-264\"\n\t\t\t\tclass=\"forminator-ui forminator-custom-form forminator-custom-form-264 forminator-design--material forminator-enclosed forminator_ajax\"\n\t\t\t\tmethod=\"post\"\n\t\t\t\tdata-forminator-render=\"0\"\n\t\t\t\tdata-form-id=\"264\"\n\t\t\t\t data-color-option=\"default\" data-design=\"material\" data-grid=\"enclosed\" style=\"display: none;\"\n\t\t\t\tdata-uid=\"69f1fec21ea27\"\n\t\t\t><div role=\"alert\" aria-live=\"polite\" class=\"forminator-response-message forminator-error\" aria-hidden=\"true\"><\/div><div class=\"forminator-row\"><div id=\"name-2\" class=\"forminator-field-name forminator-col forminator-col-6 \"><div class=\"forminator-field\"><input type=\"text\" name=\"name-2\" value=\"\" placeholder=\"Nom\" id=\"forminator-field-name-2_69f1fec21ea27\" class=\"forminator-input forminator-name--field\" aria-required=\"true\" autocomplete=\"name\" \/><\/div><\/div><div id=\"name-1\" class=\"forminator-field-name forminator-col forminator-col-6 \"><div class=\"forminator-field\"><input type=\"text\" name=\"name-1\" value=\"\" placeholder=\"Pr\u00e9nom\" id=\"forminator-field-name-1_69f1fec21ea27\" class=\"forminator-input forminator-name--field\" aria-required=\"false\" autocomplete=\"name\" \/><\/div><\/div><\/div><div class=\"forminator-row\"><div id=\"email-1\" class=\"forminator-field-email forminator-col forminator-col-6 \"><div class=\"forminator-field\"><input type=\"email\" name=\"email-1\" value=\"\" placeholder=\"E-mail\" id=\"forminator-field-email-1_69f1fec21ea27\" class=\"forminator-input forminator-email--field\" data-required=\"true\" aria-required=\"true\" autocomplete=\"email\" \/><\/div><\/div><div id=\"phone-1\" class=\"forminator-field-phone forminator-col forminator-col-6 \"><div class=\"forminator-field\"><input type=\"text\" name=\"phone-1\" value=\"\" placeholder=\"T\u00e9l\u00e9phone\" id=\"forminator-field-phone-1_69f1fec21ea27\" class=\"forminator-input forminator-field--phone\" data-required=\"1\" aria-required=\"true\" autocomplete=\"off\" \/><\/div><\/div><\/div><div class=\"forminator-row\"><div id=\"date-1\" class=\"forminator-field-date forminator-col forminator-col-6 \"><div class=\"forminator-field\"><input autocomplete=\"off\" type=\"text\" size=\"1\" name=\"date-1\" value=\"29\/04\/2026\" placeholder=\"Date\" id=\"forminator-field-date-1-picker_69f1fec21ea27\" class=\"forminator-input forminator-datepicker\" data-required=\"1\" data-format=\"dd\/mm\/yy\" data-restrict-type=\"week\" data-restrict=\"1,2\" data-start-year=\"2025\" data-end-year=\"2126\" data-past-dates=\"enable\" data-start-of-week=\"1\" data-start-date=\"03\/26\/2025\" data-end-date=\"\" data-start-field=\"\" data-end-field=\"\" data-start-offset=\"\" data-end-offset=\"\" data-disable-date=\"12\/23\/2023,12\/24\/2023,01\/08\/2024,01\/09\/2024,01\/10\/2024,01\/11\/2024,12\/04\/2023,12\/05\/2023,12\/11\/2023,12\/12\/2023,12\/18\/2023,12\/19\/2023,01\/15\/2024,01\/16\/2024,01\/22\/2024,01\/23\/2024,01\/29\/2024,01\/30\/2024,02\/05\/2024,01\/07\/2025,01\/14\/2025,01\/21\/2025,01\/28\/2025\" data-disable-range=\"\" \/><\/div><\/div><div id=\"select-1\" class=\"forminator-field-select forminator-col forminator-col-6 \"><div class=\"forminator-field\"><select  id=\"forminator-form-264__field--select-1_69f1fec21ea27\" class=\"forminator-select--field forminator-select2 forminator-select2-multiple\" data-required=\"\" name=\"select-1\" data-default-value=\"\" data-hidden-behavior=\"zero\" data-placeholder=\"\" data-search=\"false\" data-search-placeholder=\"\" data-checkbox=\"false\" data-allow-clear=\"false\" aria-labelledby=\"forminator-form-264__field--select-1_69f1fec21ea27-label\"><option value=\"one\"  data-calculation=\"0\">11h00<\/option><option value=\"two\"  data-calculation=\"0\">11h30<\/option><option value=\"12h00\"  data-calculation=\"0\">12h00<\/option><option value=\"12h30\"  data-calculation=\"0\">12h30<\/option><option value=\"13h00\"  data-calculation=\"0\">13h00<\/option><option value=\"13h30\"  data-calculation=\"0\">13h30<\/option><option value=\"14h00\"  data-calculation=\"0\">14h00<\/option><option value=\"14h30\"  data-calculation=\"0\">14h30<\/option><option value=\"15h00\"  data-calculation=\"0\">15h00<\/option><option value=\"15h30\"  data-calculation=\"0\">15h30<\/option><option value=\"16h00\"  data-calculation=\"0\">16h00<\/option><option value=\"16h30\"  data-calculation=\"0\">16h30<\/option><option value=\"17h00\"  data-calculation=\"0\">17h00<\/option><option value=\"17h30\"  data-calculation=\"0\">17h30<\/option><option value=\"18h00\"  data-calculation=\"0\">18h00<\/option><option value=\"18h30\"  data-calculation=\"0\">18h30<\/option><option value=\"19h00\"  data-calculation=\"0\">19h00<\/option><option value=\"19h30\"  data-calculation=\"0\">19h30<\/option><option value=\"20h00\"  data-calculation=\"0\">20h00<\/option><option value=\"20h30\"  data-calculation=\"0\">20h30<\/option><option value=\"21h00\"  data-calculation=\"0\">21h00<\/option><option value=\"21h30\"  data-calculation=\"0\">21h30<\/option><option value=\"22h00\"  data-calculation=\"0\">22h00<\/option><\/select><\/div><\/div><\/div><div class=\"forminator-row\"><div id=\"number-1\" class=\"forminator-field-number forminator-col forminator-col-12 \"><div class=\"forminator-field\"><input name=\"number-1\" value=\"\" placeholder=\"Nombre de personnes\" id=\"forminator-field-number-1_69f1fec21ea27\" class=\"forminator-input forminator-number--field\" inputmode=\"decimal\" data-required=\"1\" data-decimals=\"0\" aria-required=\"true\" data-inputmask=\"&#039;groupSeparator&#039;: &#039;&#039;, &#039;radixPoint&#039;: &#039;&#039;, &#039;digits&#039;: &#039;0&#039;\" data-hidden-behavior=\"zero\" type=\"number\" step=\"any\" min=\"1\" max=\"50\" \/><\/div><\/div><\/div><div class=\"forminator-row\"><div id=\"textarea-1\" class=\"forminator-field-textarea forminator-col forminator-col-12 \"><div class=\"forminator-field\"><textarea name=\"textarea-1\" placeholder=\"Demandes particuli\u00e8res \/ Message\" id=\"forminator-field-textarea-1_69f1fec21ea27\" class=\"forminator-textarea\" rows=\"6\" style=\"min-height:140px;\" maxlength=\"180\" ><\/textarea><span id=\"forminator-field-textarea-1_69f1fec21ea27-description\" class=\"forminator-description\"><span data-limit=\"180\" data-type=\"characters\" data-editor=\"\">0 \/ 180<\/span><\/span><\/div><\/div><\/div><div class=\"forminator-row\" style=\"margin: 0;\"><div id=\"captcha-1\" class=\"forminator-field-captcha  forminator-col-12 \"><div class=\"forminator-captcha-left forminator-g-recaptcha recaptcha-invisible\" data-theme=\"light\" data-badge=\"bottomright\" data-sitekey=\"6Le8hTsbAAAAAG4cdvA10JJRBgphBJ-icdWNPsqh\" data-size=\"invisible\"><\/div> <\/div><\/div><input type=\"hidden\" name=\"referer_url\" value=\"\" \/><div class=\"forminator-row forminator-row-last\"><div class=\"forminator-col\"><div class=\"forminator-field\"><button class=\"forminator-button forminator-button-submit\"><span>ENVOYER<\/span><span aria-hidden=\"true\"><\/span><\/button><\/div><\/div><\/div><input type=\"hidden\" id=\"forminator_nonce\" name=\"forminator_nonce\" value=\"618a7e25ca\" \/><input type=\"hidden\" name=\"_wp_http_referer\" value=\"\/en\/wp-json\/wp\/v2\/pages\/504\" \/><input type=\"hidden\" name=\"form_id\" value=\"264\"><input type=\"hidden\" name=\"page_id\" value=\"504\"><input type=\"hidden\" name=\"form_type\" value=\"default\"><input type=\"hidden\" name=\"current_url\" value=\"https:\/\/www.lesenfantsterribles-menton.com\/en\/contact\/\"><input type=\"hidden\" name=\"render_id\" value=\"0\"><input type=\"hidden\" name=\"action\" value=\"forminator_submit_form_custom-forms\"><\/form><\/div>\n\t\t\t\t\t\t<\/div>\n\t\t\t\t<\/div>\n\t\t\t\t<\/div>\n\t\t\t\t<\/div>\n\t\t\t\t<\/div>\n\t\t\t\t<\/div>\n\t\t\t\t<\/div>\n\t\t","protected":false},"excerpt":{"rendered":"<p>Contactez-nous R\u00e9server votre table INFORMATIONS &amp; HORAIRES Ouvert du Mercredi au Dimanche. Ferm\u00e9 le Lundi &amp; Mardi 1 quai Bonaparte,Place du Cap06500 MENTON Ouvert toute l&rsquo;ann\u00e9eDe 11h \u00e0 22h45Service non-stop 04 93 35 80 67 Facebook-f Instagram Tripadvisor Votre r\u00e9servation Suite \u00e0 l&rsquo;envoi du formulaire, nous traiterons votre demande et vous enverrons un mail de [&hellip;]<\/p>\n","protected":false},"author":1,"featured_media":0,"parent":0,"menu_order":0,"comment_status":"closed","ping_status":"closed","template":"elementor_header_footer","meta":{"footnotes":""},"class_list":["post-504","page","type-page","status-publish","hentry"],"yoast_head":"<!-- This site is optimized with the Yoast SEO plugin v27.4 - https:\/\/yoast.com\/product\/yoast-seo-wordpress\/ -->\n<title>Contact - Les Enfants Terribles<\/title>\n<meta name=\"robots\" content=\"index, follow, max-snippet:-1, max-image-preview:large, max-video-preview:-1\" \/>\n<link rel=\"canonical\" href=\"https:\/\/www.lesenfantsterribles-menton.com\/en\/contact\/\" \/>\n<meta property=\"og:locale\" content=\"en_US\" \/>\n<meta property=\"og:type\" content=\"article\" \/>\n<meta property=\"og:title\" content=\"Contact - Les Enfants Terribles\" \/>\n<meta property=\"og:description\" content=\"Contactez-nous R\u00e9server votre table INFORMATIONS &amp; HORAIRES Ouvert du Mercredi au Dimanche. Ferm\u00e9 le Lundi &amp; Mardi 1 quai Bonaparte,Place du Cap06500 MENTON Ouvert toute l&rsquo;ann\u00e9eDe 11h \u00e0 22h45Service non-stop 04 93 35 80 67 Facebook-f Instagram Tripadvisor Votre r\u00e9servation Suite \u00e0 l&rsquo;envoi du formulaire, nous traiterons votre demande et vous enverrons un mail de [&hellip;]\" \/>\n<meta property=\"og:url\" content=\"https:\/\/www.lesenfantsterribles-menton.com\/en\/contact\/\" \/>\n<meta property=\"og:site_name\" content=\"Les Enfants Terribles\" \/>\n<meta name=\"twitter:card\" content=\"summary_large_image\" \/>\n<meta name=\"twitter:label1\" content=\"Est. reading time\" \/>\n\t<meta name=\"twitter:data1\" content=\"1 minute\" \/>\n<script type=\"application\/ld+json\" class=\"yoast-schema-graph\">{\"@context\":\"https:\\\/\\\/schema.org\",\"@graph\":[{\"@type\":\"WebPage\",\"@id\":\"https:\\\/\\\/www.lesenfantsterribles-menton.com\\\/contact\\\/\",\"url\":\"https:\\\/\\\/www.lesenfantsterribles-menton.com\\\/contact\\\/\",\"name\":\"Contact - Les Enfants Terribles\",\"isPartOf\":{\"@id\":\"https:\\\/\\\/www.lesenfantsterribles-menton.com\\\/#website\"},\"datePublished\":\"2026-04-07T18:26:05+00:00\",\"breadcrumb\":{\"@id\":\"https:\\\/\\\/www.lesenfantsterribles-menton.com\\\/contact\\\/#breadcrumb\"},\"inLanguage\":\"en-US\",\"potentialAction\":[{\"@type\":\"ReadAction\",\"target\":[\"https:\\\/\\\/www.lesenfantsterribles-menton.com\\\/contact\\\/\"]}]},{\"@type\":\"BreadcrumbList\",\"@id\":\"https:\\\/\\\/www.lesenfantsterribles-menton.com\\\/contact\\\/#breadcrumb\",\"itemListElement\":[{\"@type\":\"ListItem\",\"position\":1,\"name\":\"Accueil\",\"item\":\"https:\\\/\\\/www.lesenfantsterribles-menton.com\\\/\"},{\"@type\":\"ListItem\",\"position\":2,\"name\":\"Contact\"}]},{\"@type\":\"WebSite\",\"@id\":\"https:\\\/\\\/www.lesenfantsterribles-menton.com\\\/#website\",\"url\":\"https:\\\/\\\/www.lesenfantsterribles-menton.com\\\/\",\"name\":\"Les Enfants Terribles\",\"description\":\"Restaurant \u00e0 Menton\",\"publisher\":{\"@id\":\"https:\\\/\\\/www.lesenfantsterribles-menton.com\\\/#organization\"},\"potentialAction\":[{\"@type\":\"SearchAction\",\"target\":{\"@type\":\"EntryPoint\",\"urlTemplate\":\"https:\\\/\\\/www.lesenfantsterribles-menton.com\\\/?s={search_term_string}\"},\"query-input\":{\"@type\":\"PropertyValueSpecification\",\"valueRequired\":true,\"valueName\":\"search_term_string\"}}],\"inLanguage\":\"en-US\"},{\"@type\":\"Organization\",\"@id\":\"https:\\\/\\\/www.lesenfantsterribles-menton.com\\\/#organization\",\"name\":\"Les Enfants Terribles\",\"url\":\"https:\\\/\\\/www.lesenfantsterribles-menton.com\\\/\",\"logo\":{\"@type\":\"ImageObject\",\"inLanguage\":\"en-US\",\"@id\":\"https:\\\/\\\/www.lesenfantsterribles-menton.com\\\/#\\\/schema\\\/logo\\\/image\\\/\",\"url\":\"https:\\\/\\\/www.lesenfantsterribles-menton.com\\\/wp-content\\\/uploads\\\/2023\\\/06\\\/logo-les-enfants-terribles-menton.png\",\"contentUrl\":\"https:\\\/\\\/www.lesenfantsterribles-menton.com\\\/wp-content\\\/uploads\\\/2023\\\/06\\\/logo-les-enfants-terribles-menton.png\",\"width\":717,\"height\":173,\"caption\":\"Les Enfants Terribles\"},\"image\":{\"@id\":\"https:\\\/\\\/www.lesenfantsterribles-menton.com\\\/#\\\/schema\\\/logo\\\/image\\\/\"}}]}<\/script>\n<!-- \/ Yoast SEO plugin. -->","yoast_head_json":{"title":"Contact - Les Enfants Terribles","robots":{"index":"index","follow":"follow","max-snippet":"max-snippet:-1","max-image-preview":"max-image-preview:large","max-video-preview":"max-video-preview:-1"},"canonical":"https:\/\/www.lesenfantsterribles-menton.com\/en\/contact\/","og_locale":"en_US","og_type":"article","og_title":"Contact - Les Enfants Terribles","og_description":"Contactez-nous R\u00e9server votre table INFORMATIONS &amp; HORAIRES Ouvert du Mercredi au Dimanche. Ferm\u00e9 le Lundi &amp; Mardi 1 quai Bonaparte,Place du Cap06500 MENTON Ouvert toute l&rsquo;ann\u00e9eDe 11h \u00e0 22h45Service non-stop 04 93 35 80 67 Facebook-f Instagram Tripadvisor Votre r\u00e9servation Suite \u00e0 l&rsquo;envoi du formulaire, nous traiterons votre demande et vous enverrons un mail de [&hellip;]","og_url":"https:\/\/www.lesenfantsterribles-menton.com\/en\/contact\/","og_site_name":"Les Enfants Terribles","twitter_card":"summary_large_image","twitter_misc":{"Est. reading time":"1 minute"},"schema":{"@context":"https:\/\/schema.org","@graph":[{"@type":"WebPage","@id":"https:\/\/www.lesenfantsterribles-menton.com\/contact\/","url":"https:\/\/www.lesenfantsterribles-menton.com\/contact\/","name":"Contact - Les Enfants Terribles","isPartOf":{"@id":"https:\/\/www.lesenfantsterribles-menton.com\/#website"},"datePublished":"2026-04-07T18:26:05+00:00","breadcrumb":{"@id":"https:\/\/www.lesenfantsterribles-menton.com\/contact\/#breadcrumb"},"inLanguage":"en-US","potentialAction":[{"@type":"ReadAction","target":["https:\/\/www.lesenfantsterribles-menton.com\/contact\/"]}]},{"@type":"BreadcrumbList","@id":"https:\/\/www.lesenfantsterribles-menton.com\/contact\/#breadcrumb","itemListElement":[{"@type":"ListItem","position":1,"name":"Accueil","item":"https:\/\/www.lesenfantsterribles-menton.com\/"},{"@type":"ListItem","position":2,"name":"Contact"}]},{"@type":"WebSite","@id":"https:\/\/www.lesenfantsterribles-menton.com\/#website","url":"https:\/\/www.lesenfantsterribles-menton.com\/","name":"Les Enfants Terribles","description":"Restaurant in Menton","publisher":{"@id":"https:\/\/www.lesenfantsterribles-menton.com\/#organization"},"potentialAction":[{"@type":"SearchAction","target":{"@type":"EntryPoint","urlTemplate":"https:\/\/www.lesenfantsterribles-menton.com\/?s={search_term_string}"},"query-input":{"@type":"PropertyValueSpecification","valueRequired":true,"valueName":"search_term_string"}}],"inLanguage":"en-US"},{"@type":"Organization","@id":"https:\/\/www.lesenfantsterribles-menton.com\/#organization","name":"Les Enfants Terribles","url":"https:\/\/www.lesenfantsterribles-menton.com\/","logo":{"@type":"ImageObject","inLanguage":"en-US","@id":"https:\/\/www.lesenfantsterribles-menton.com\/#\/schema\/logo\/image\/","url":"https:\/\/www.lesenfantsterribles-menton.com\/wp-content\/uploads\/2023\/06\/logo-les-enfants-terribles-menton.png","contentUrl":"https:\/\/www.lesenfantsterribles-menton.com\/wp-content\/uploads\/2023\/06\/logo-les-enfants-terribles-menton.png","width":717,"height":173,"caption":"Les Enfants Terribles"},"image":{"@id":"https:\/\/www.lesenfantsterribles-menton.com\/#\/schema\/logo\/image\/"}}]}},"_links":{"self":[{"href":"https:\/\/www.lesenfantsterribles-menton.com\/en\/wp-json\/wp\/v2\/pages\/504","targetHints":{"allow":["GET"]}}],"collection":[{"href":"https:\/\/www.lesenfantsterribles-menton.com\/en\/wp-json\/wp\/v2\/pages"}],"about":[{"href":"https:\/\/www.lesenfantsterribles-menton.com\/en\/wp-json\/wp\/v2\/types\/page"}],"author":[{"embeddable":true,"href":"https:\/\/www.lesenfantsterribles-menton.com\/en\/wp-json\/wp\/v2\/users\/1"}],"replies":[{"embeddable":true,"href":"https:\/\/www.lesenfantsterribles-menton.com\/en\/wp-json\/wp\/v2\/comments?post=504"}],"version-history":[{"count":1,"href":"https:\/\/www.lesenfantsterribles-menton.com\/en\/wp-json\/wp\/v2\/pages\/504\/revisions"}],"predecessor-version":[{"id":509,"href":"https:\/\/www.lesenfantsterribles-menton.com\/en\/wp-json\/wp\/v2\/pages\/504\/revisions\/509"}],"wp:attachment":[{"href":"https:\/\/www.lesenfantsterribles-menton.com\/en\/wp-json\/wp\/v2\/media?parent=504"}],"curies":[{"name":"wp","href":"https:\/\/api.w.org\/{rel}","templated":true}]}}